{"id":152,"date":"2025-06-09T21:28:02","date_gmt":"2025-06-09T19:28:02","guid":{"rendered":"http:\/\/stowbial.pl\/?page_id=152"},"modified":"2025-09-24T17:36:48","modified_gmt":"2025-09-24T15:36:48","slug":"artykuly","status":"publish","type":"page","link":"https:\/\/stowbial.pl\/?page_id=152","title":{"rendered":"Artyku\u0142y"},"content":{"rendered":"\n<p><a href=\"https:\/\/stowbial.pl\/?page_id=1924\" data-type=\"page\" data-id=\"1924\">KULTURA &#8211; TEREN KL\u0118SKI?<\/a><\/p>\n\n\n\n<p><a href=\"https:\/\/stowbial.pl\/?page_id=1930\" data-type=\"page\" data-id=\"1930\">&#8222;PRZENIKN\u0104\u0106 SIEBIE &#8211; ROZWA\u017bANIA O SAMOTNO\u015aCI&#8221;<\/a><\/p>\n\n\n\n<p><\/p>\n","protected":false},"excerpt":{"rendered":"<p>KULTURA &#8211; TEREN KL\u0118SKI? &#8222;PRZENIKN\u0104\u0106 SIEBIE &#8211; ROZWA\u017bANIA O SAMOTNO\u015aCI&#8221;<\/p>\n","protected":false},"author":1,"featured_media":0,"parent":0,"menu_order":0,"comment_status":"closed","ping_status":"closed","template":"","meta":{"footnotes":""},"class_list":["post-152","page","type-page","status-publish","hentry"],"_links":{"self":[{"href":"https:\/\/stowbial.pl\/index.php?rest_route=\/wp\/v2\/pages\/152","targetHints":{"allow":["GET"]}}],"collection":[{"href":"https:\/\/stowbial.pl\/index.php?rest_route=\/wp\/v2\/pages"}],"about":[{"href":"https:\/\/stowbial.pl\/index.php?rest_route=\/wp\/v2\/types\/page"}],"author":[{"embeddable":true,"href":"https:\/\/stowbial.pl\/index.php?rest_route=\/wp\/v2\/users\/1"}],"replies":[{"embeddable":true,"href":"https:\/\/stowbial.pl\/index.php?rest_route=%2Fwp%2Fv2%2Fcomments&post=152"}],"version-history":[{"count":5,"href":"https:\/\/stowbial.pl\/index.php?rest_route=\/wp\/v2\/pages\/152\/revisions"}],"predecessor-version":[{"id":1937,"href":"https:\/\/stowbial.pl\/index.php?rest_route=\/wp\/v2\/pages\/152\/revisions\/1937"}],"wp:attachment":[{"href":"https:\/\/stowbial.pl\/index.php?rest_route=%2Fwp%2Fv2%2Fmedia&parent=152"}],"curies":[{"name":"wp","href":"https:\/\/api.w.org\/{rel}","templated":true}]}}